{"id":4586,"date":"2022-02-01T09:41:58","date_gmt":"2022-02-01T09:41:58","guid":{"rendered":"https:\/\/rizetechnologies.com\/blog\/"},"modified":"2023-10-19T14:26:36","modified_gmt":"2023-10-19T14:26:36","slug":"blog","status":"publish","type":"page","link":"https:\/\/rizetechnologies.com\/fr\/blog\/","title":{"rendered":"Blog"},"content":{"rendered":"<p>[et_pb_section fb_built=\u00a0\u00bb1&Prime; _builder_version=\u00a0\u00bb4.14.4&Prime; _module_preset=\u00a0\u00bbdefault\u00a0\u00bb custom_padding=\u00a0\u00bb70px||70px||true|false\u00a0\u00bb global_colors_info=\u00a0\u00bb{}\u00a0\u00bb][et_pb_row _builder_version=\u00a0\u00bb4.14.4&Prime; _module_preset=\u00a0\u00bbdefault\u00a0\u00bb custom_padding=\u00a0\u00bb0px||0px||true|false\u00a0\u00bb global_colors_info=\u00a0\u00bb{}\u00a0\u00bb][et_pb_column type=\u00a0\u00bb4_4&Prime; _builder_version=\u00a0\u00bb4.14.4&Prime; _module_preset=\u00a0\u00bbdefault\u00a0\u00bb global_colors_info=\u00a0\u00bb{}\u00a0\u00bb][et_pb_text admin_label=\u00a0\u00bbBlogs\u00a0\u00bb _builder_version=\u00a0\u00bb4.14.4&Prime; _module_preset=\u00a0\u00bbdefault\u00a0\u00bb header_font=\u00a0\u00bb|800|||||||\u00a0\u00bb header_text_align=\u00a0\u00bbcenter\u00a0\u00bb header_text_color=\u00a0\u00bb#000000&Prime; header_font_size=\u00a0\u00bb42px\u00a0\u00bb header_letter_spacing=\u00a0\u00bb2px\u00a0\u00bb header_line_height=\u00a0\u00bb52px\u00a0\u00bb text_orientation=\u00a0\u00bbcenter\u00a0\u00bb header_font_size_tablet=\u00a0\u00bb42px\u00a0\u00bb header_font_size_phone=\u00a0\u00bb30px\u00a0\u00bb header_font_size_last_edited=\u00a0\u00bbon|phone\u00a0\u00bb header_line_height_tablet=\u00a0\u00bb52px\u00a0\u00bb header_line_height_phone=\u00a0\u00bb40px\u00a0\u00bb header_line_height_last_edited=\u00a0\u00bbon|phone\u00a0\u00bb global_colors_info=\u00a0\u00bb{}\u00a0\u00bb]<\/p>\n<h1>Blog<\/h1>\n<p>Des conseils pour aider votre cabinet d&rsquo;avocats \u00e0 tirer parti de la technologie et \u00e0 stimuler la croissance<\/p>\n<p>[\/et_pb_text][\/et_pb_column][\/et_pb_row][\/et_pb_section][et_pb_section fb_built=\u00a0\u00bb1&Prime; _builder_version=\u00a0\u00bb4.14.4&Prime; _module_preset=\u00a0\u00bbdefault\u00a0\u00bb background_color=\u00a0\u00bb#fafafa\u00a0\u00bb custom_padding=\u00a0\u00bb70px||70px||true|false\u00a0\u00bb global_colors_info=\u00a0\u00bb{}\u00a0\u00bb][et_pb_row _builder_version=\u00a0\u00bb4.14.4&Prime; _module_preset=\u00a0\u00bbdefault\u00a0\u00bb custom_padding=\u00a0\u00bb0px||0px||true|false\u00a0\u00bb global_colors_info=\u00a0\u00bb{}\u00a0\u00bb][et_pb_column type=\u00a0\u00bb4_4&Prime; _builder_version=\u00a0\u00bb4.14.4&Prime; _module_preset=\u00a0\u00bbdefault\u00a0\u00bb global_colors_info=\u00a0\u00bb{}\u00a0\u00bb][et_pb_blog fullwidth=\u00a0\u00bboff\u00a0\u00bb excerpt_length=\u00a0\u00bb200&Prime; show_more=\u00a0\u00bbon\u00a0\u00bb show_categories=\u00a0\u00bboff\u00a0\u00bb module_class=\u00a0\u00bbRize_Blogs\u00a0\u00bb _builder_version=\u00a0\u00bb4.14.4&Prime; _module_preset=\u00a0\u00bbdefault\u00a0\u00bb header_font=\u00a0\u00bbPoppins|800|||||||\u00a0\u00bb header_text_color=\u00a0\u00bb#000000&Prime; header_line_height=\u00a0\u00bb28px\u00a0\u00bb meta_font=\u00a0\u00bbNunito Sans||||||||\u00a0\u00bb meta_text_color=\u00a0\u00bb#000000&Prime; meta_font_size=\u00a0\u00bb14px\u00a0\u00bb custom_css_title=\u00a0\u00bb||    white-space: nowrap;||    overflow: hidden;||    text-overflow: ellipsis;\u00a0\u00bb global_colors_info=\u00a0\u00bb{}\u00a0\u00bb][\/et_pb_blog][\/et_pb_column][\/et_pb_row][\/et_pb_section][et_pb_section fb_built=\u00a0\u00bb1&Prime; _builder_version=\u00a0\u00bb4.14.4&Prime; _module_preset=\u00a0\u00bbdefault\u00a0\u00bb background_image=\u00a0\u00bbhttps:\/\/rizetechnologies.com\/wp-content\/uploads\/2022\/01\/Rectangle-30.jpg\u00a0\u00bb custom_padding=\u00a0\u00bb70px||70px||true|false\u00a0\u00bb global_module=\u00a0\u00bb916&Prime; saved_tabs=\u00a0\u00bball\u00a0\u00bb global_colors_info=\u00a0\u00bb{}\u00a0\u00bb][et_pb_row _builder_version=\u00a0\u00bb4.14.4&Prime; _module_preset=\u00a0\u00bbdefault\u00a0\u00bb custom_padding=\u00a0\u00bb0px||0px||true|false\u00a0\u00bb global_colors_info=\u00a0\u00bb{}\u00a0\u00bb][et_pb_column type=\u00a0\u00bb4_4&Prime; _builder_version=\u00a0\u00bb4.14.4&Prime; _module_preset=\u00a0\u00bbdefault\u00a0\u00bb global_colors_info=\u00a0\u00bb{}\u00a0\u00bb][et_pb_text admin_label=\u00a0\u00bbSubscribe to The Rize Technologies newsletter\u00a0\u00bb _builder_version=\u00a0\u00bb4.14.4&Prime; _module_preset=\u00a0\u00bbdefault\u00a0\u00bb header_2_font=\u00a0\u00bbPoppins|800|||||||\u00a0\u00bb header_2_text_align=\u00a0\u00bbcenter\u00a0\u00bb header_2_text_color=\u00a0\u00bb#000000&Prime; header_2_font_size=\u00a0\u00bb36px\u00a0\u00bb header_2_line_height=\u00a0\u00bb46px\u00a0\u00bb text_orientation=\u00a0\u00bbcenter\u00a0\u00bb header_2_font_size_tablet=\u00a0\u00bb36px\u00a0\u00bb header_2_font_size_phone=\u00a0\u00bb26px\u00a0\u00bb header_2_font_size_last_edited=\u00a0\u00bbon|phone\u00a0\u00bb header_2_line_height_tablet=\u00a0\u00bb46px\u00a0\u00bb header_2_line_height_phone=\u00a0\u00bb36px\u00a0\u00bb header_2_line_height_last_edited=\u00a0\u00bbon|phone\u00a0\u00bb global_colors_info=\u00a0\u00bb{}\u00a0\u00bb]<\/p>\n<h2>S&rsquo;abonner \u00e0 la lettre d&rsquo;information de Rize Technologies<\/h2>\n<p>Recevez dans votre bo\u00eete de r\u00e9ception les nouvelles et les informations les plus importantes !<\/p>\n<p>[\/et_pb_text][et_pb_button button_text=\u00a0\u00bbRejoignez-nous\u00a0\u00bb button_alignment=\u00a0\u00bbcenter\u00a0\u00bb disabled_on=\u00a0\u00bbon|on|on\u00a0\u00bb admin_label=\u00a0\u00bbJoin Now\u00a0\u00bb _builder_version=\u00a0\u00bb4.14.4&Prime; _module_preset=\u00a0\u00bbdefault\u00a0\u00bb custom_button=\u00a0\u00bbon\u00a0\u00bb button_text_size=\u00a0\u00bb18px\u00a0\u00bb button_text_color=\u00a0\u00bb#FFFFFF\u00a0\u00bb button_bg_use_color_gradient=\u00a0\u00bbon\u00a0\u00bb button_bg_color_gradient_start=\u00a0\u00bb#ef393b\u00a0\u00bb button_bg_color_gradient_end=\u00a0\u00bb#992119&Prime; button_border_radius=\u00a0\u00bb50px\u00a0\u00bb button_use_icon=\u00a0\u00bboff\u00a0\u00bb disabled=\u00a0\u00bbon\u00a0\u00bb global_colors_info=\u00a0\u00bb{}\u00a0\u00bb button_border_radius__hover_enabled=\u00a0\u00bbon|hover\u00a0\u00bb button_border_radius__hover=\u00a0\u00bb50px\u00a0\u00bb][\/et_pb_button][et_pb_code module_class=\u00a0\u00bbnewsletter-layout\u00a0\u00bb _builder_version=\u00a0\u00bb4.14.4&Prime; _module_preset=\u00a0\u00bbdefault\u00a0\u00bb global_colors_info=\u00a0\u00bb{}\u00a0\u00bb]<\/p>\n<form id=\"mc-embedded-subscribe-form\" style=\"text-align: center; max-width: 500px; margin: auto;\" action=\"#\" method=\"post\"><input id=\"mce-EMAIL\" class=\"required email\" style=\"width: 60%; display: inline; margin-right: 5px; font-size: 16px; border: solid 1px #ddd; border-radius: 30px;\" name=\"EMAIL\" required=\"\" type=\"email\" value=\"\" placeholder=\"Adresse \u00e9lectronique\"><!-- [et_pb_line_break_holder] --><\/p>\n<div style=\"position: absolute; left: -5000px;\" aria-hidden=\"true\"><input tabindex=\"-1\" name=\"b_b5cec2dca0c12b53dae302422_711b4f9998\" type=\"text\" value=\"\"><\/div>\n<p><!-- [et_pb_line_break_holder] --><button id=\"mc-embedded-subscribe\" class=\"button\" style=\"letter-spacing: 0; width: 35%; display: inline;\" name=\"subscribe\" type=\"submit\" value=\"Rejoignez-nous\">Rejoignez-nous<\/button><!-- [et_pb_line_break_holder] --><\/p>\n<div id=\"thankyoum\" style=\"display: none; text-align: center; color: green; margin-top: 20px;\">Merci de vous \u00eatre abonn\u00e9s !<\/div>\n<p><!-- [et_pb_line_break_holder] --><\/form>\n<p><script src=\"https:\/\/ajax.googleapis.com\/ajax\/libs\/jquery\/3.6.0\/jquery.min.js\"><\/script> <script><!-- [et_pb_line_break_holder] -->jQuery(\"#mc-embedded-subscribe-form\").submit(function(e) {<!-- [et_pb_line_break_holder] --><!-- [et_pb_line_break_holder] -->    e.preventDefault();<!-- [et_pb_line_break_holder] -->jQuery('#mc-embedded-subscribe-form button').html('<svg class=\"blinking\" width=\"15\" height=\"15\" style=\"vertical-align: middle;margin-top: -4px;\"><circle cx=\"7.5\" cy=\"7.5\" fill=\"white\" r=\"5\"><\/circle><\/svg>');<!-- [et_pb_line_break_holder] -->\t<!-- [et_pb_line_break_holder] -->\t\t<!-- [et_pb_line_break_holder] -->    var form = jQuery(this);<!-- [et_pb_line_break_holder] -->    var url = 'https:\/\/rizetechnologies.us1.list-manage.com\/subscribe\/post?u=b5cec2dca0c12b53dae302422&id=711b4f9998';<!-- [et_pb_line_break_holder] -->    <!-- [et_pb_line_break_holder] -->    jQuery.ajax({<!-- [et_pb_line_break_holder] -->           type: \"GET\",<!-- [et_pb_line_break_holder] -->           url: url,<!-- [et_pb_line_break_holder] -->           async: false,<!-- [et_pb_line_break_holder] -->           data: form.serialize(),<!-- [et_pb_line_break_holder] -->           success: function(data)<!-- [et_pb_line_break_holder] -->           {<!-- [et_pb_line_break_holder] --><!-- [et_pb_line_break_holder] -->           }<!-- [et_pb_line_break_holder] -->         });<!-- [et_pb_line_break_holder] -->\t<!-- [et_pb_line_break_holder] --> setTimeout(function(){ <!-- [et_pb_line_break_holder] --> jQuery('#thankyoum').show();<!-- [et_pb_line_break_holder] -->\t<!-- [et_pb_line_break_holder] -->jQuery('#mc-embedded-subscribe-form button').html('Subscribe');<!-- [et_pb_line_break_holder] --> }, 2000);<!-- [et_pb_line_break_holder] --><!-- [et_pb_line_break_holder] -->    <!-- [et_pb_line_break_holder] -->});<!-- [et_pb_line_break_holder] --><\/script> <\/p>\n<style><!-- [et_pb_line_break_holder] --><!-- [et_pb_line_break_holder] -->.blinking {<!-- [et_pb_line_break_holder] -->  -webkit-animation: 1s blink ease infinite;<!-- [et_pb_line_break_holder] -->  -moz-animation: 1s blink ease infinite;<!-- [et_pb_line_break_holder] -->  -ms-animation: 1s blink ease infinite;<!-- [et_pb_line_break_holder] -->  -o-animation: 1s blink ease infinite;<!-- [et_pb_line_break_holder] -->  animation: 1s blink ease infinite;<!-- [et_pb_line_break_holder] -->  <!-- [et_pb_line_break_holder] -->}<!-- [et_pb_line_break_holder] --><!-- [et_pb_line_break_holder] -->@keyframes \"blink\" {<!-- [et_pb_line_break_holder] -->  from, to {<!-- [et_pb_line_break_holder] -->    opacity: 0;<!-- [et_pb_line_break_holder] -->  }<!-- [et_pb_line_break_holder] -->  50% {<!-- [et_pb_line_break_holder] -->    opacity: 1;<!-- [et_pb_line_break_holder] -->  }<!-- [et_pb_line_break_holder] -->}<!-- [et_pb_line_break_holder] --><!-- [et_pb_line_break_holder] -->@-moz-keyframes blink {<!-- [et_pb_line_break_holder] -->  from, to {<!-- [et_pb_line_break_holder] -->    opacity: 0;<!-- [et_pb_line_break_holder] -->  }<!-- [et_pb_line_break_holder] -->  50% {<!-- [et_pb_line_break_holder] -->    opacity: 1;<!-- [et_pb_line_break_holder] -->  }<!-- [et_pb_line_break_holder] -->}<!-- [et_pb_line_break_holder] --><!-- [et_pb_line_break_holder] -->@-webkit-keyframes \"blink\" {<!-- [et_pb_line_break_holder] -->  from, to {<!-- [et_pb_line_break_holder] -->    opacity: 0;<!-- [et_pb_line_break_holder] -->  }<!-- [et_pb_line_break_holder] -->  50% {<!-- [et_pb_line_break_holder] -->    opacity: 1;<!-- [et_pb_line_break_holder] -->  }<!-- [et_pb_line_break_holder] -->}<!-- [et_pb_line_break_holder] --><!-- [et_pb_line_break_holder] -->@-o-keyframes \"blink\" {<!-- [et_pb_line_break_holder] -->  from, to {<!-- [et_pb_line_break_holder] -->    opacity: 0;<!-- [et_pb_line_break_holder] -->  }<!-- [et_pb_line_break_holder] -->  50% {<!-- [et_pb_line_break_holder] -->    opacity: 1;<!-- [et_pb_line_break_holder] -->  }<!-- [et_pb_line_break_holder] -->}<!-- [et_pb_line_break_holder] --><\/style>\n<p>[\/et_pb_code][\/et_pb_column][\/et_pb_row][\/et_pb_section][et_pb_section fb_built=\u00a0\u00bb1&Prime; _builder_version=\u00a0\u00bb4.14.4&Prime; _module_preset=\u00a0\u00bbdefault\u00a0\u00bb background_color=\u00a0\u00bb#992119&Prime; global_colors_info=\u00a0\u00bb{}\u00a0\u00bb][et_pb_row column_structure=\u00a0\u00bb2_3,1_3&Prime; make_equal=\u00a0\u00bbon\u00a0\u00bb _builder_version=\u00a0\u00bb4.14.4&Prime; _module_preset=\u00a0\u00bbdefault\u00a0\u00bb custom_padding=\u00a0\u00bb0px||0px||true|false\u00a0\u00bb global_colors_info=\u00a0\u00bb{}\u00a0\u00bb][et_pb_column type=\u00a0\u00bb2_3&Prime; _builder_version=\u00a0\u00bb4.14.4&Prime; _module_preset=\u00a0\u00bbdefault\u00a0\u00bb global_colors_info=\u00a0\u00bb{}\u00a0\u00bb][et_pb_text admin_label=\u00a0\u00bbOutsource your IT management to us\u00a0\u00bb _builder_version=\u00a0\u00bb4.14.4&Prime; _module_preset=\u00a0\u00bbdefault\u00a0\u00bb text_text_color=\u00a0\u00bb#FFFFFF\u00a0\u00bb header_2_font=\u00a0\u00bbPoppins|800|||||||\u00a0\u00bb header_2_text_color=\u00a0\u00bb#FFFFFF\u00a0\u00bb header_2_font_size=\u00a0\u00bb36px\u00a0\u00bb header_2_line_height=\u00a0\u00bb46px\u00a0\u00bb hover_enabled=\u00a0\u00bb0&Prime; header_2_font_size_tablet=\u00a0\u00bb36px\u00a0\u00bb header_2_font_size_phone=\u00a0\u00bb26px\u00a0\u00bb header_2_font_size_last_edited=\u00a0\u00bbon|phone\u00a0\u00bb header_2_line_height_tablet=\u00a0\u00bb46px\u00a0\u00bb header_2_line_height_phone=\u00a0\u00bb36px\u00a0\u00bb header_2_line_height_last_edited=\u00a0\u00bbon|phone\u00a0\u00bb global_colors_info=\u00a0\u00bb{}\u00a0\u00bb text_font_size=\u00a0\u00bb20px\u00a0\u00bb sticky_enabled=\u00a0\u00bb0&Prime;]<\/p>\n<h2>Confiez-nous votre gestion informatique afin que vous puissiez vous concentrer sur ce que vous faites le mieux : g\u00e9rer votre cabinet d&rsquo;avocats.<\/h2>\n<p>Pr\u00eat \u00e0 commencer ? Prenez rendez-vous pour voir comment nous pouvons vous aider \u00e0 vous d\u00e9velopper, \u00e0 vous moderniser et \u00e0 \u00e9viter les probl\u00e8mes.[\/et_pb_text][\/et_pb_column][et_pb_column type=\u00a0\u00bb1_3&Prime; _builder_version=\u00a0\u00bb4.14.4&Prime; _module_preset=\u00a0\u00bbdefault\u00a0\u00bb custom_css_main_element=\u00a0\u00bbmargin-top:auto;||margin-bottom:auto;\u00a0\u00bb global_colors_info=\u00a0\u00bb{}\u00a0\u00bb][et_pb_button button_text=\u00a0\u00bbAppel de d\u00e9couverte GRATUIT de 15 minutes\u00a0\u00bb _builder_version=\u00a0\u00bb4.14.4&Prime; _module_preset=\u00a0\u00bbdefault\u00a0\u00bb custom_button=\u00a0\u00bbon\u00a0\u00bb button_text_size=\u00a0\u00bb18px\u00a0\u00bb button_text_color=\u00a0\u00bb#992119&Prime; button_bg_color=\u00a0\u00bb#FFFFFF\u00a0\u00bb button_bg_color_gradient_start=\u00a0\u00bb#ef393b\u00a0\u00bb button_bg_color_gradient_end=\u00a0\u00bb#992119&Prime; button_border_radius=\u00a0\u00bb50px\u00a0\u00bb button_use_icon=\u00a0\u00bboff\u00a0\u00bb global_colors_info=\u00a0\u00bb{}\u00a0\u00bb button_border_radius__hover_enabled=\u00a0\u00bbon|hover\u00a0\u00bb button_border_radius__hover=\u00a0\u00bb50px\u00a0\u00bb][\/et_pb_button][\/et_pb_column][\/et_pb_row][\/et_pb_section]<\/p>\n","protected":false},"excerpt":{"rendered":"<p>Blog Des conseils pour aider votre cabinet d&rsquo;avocats \u00e0 tirer parti de la technologie et \u00e0 stimuler la croissanceS&rsquo;abonner \u00e0 la lettre d&rsquo;information de Rize Technologies Recevez dans votre bo\u00eete de r\u00e9ception les nouvelles et les informations les plus importantes !Confiez-nous votre gestion informatique afin que vous puissiez vous concentrer sur ce que vous faites [&hellip;]<\/p>\n","protected":false},"author":7,"featured_media":0,"parent":0,"menu_order":0,"comment_status":"closed","ping_status":"closed","template":"","meta":{"_et_pb_use_builder":"on","_et_pb_old_content":"","_et_gb_content_width":"","footnotes":""},"class_list":["post-4586","page","type-page","status-publish","hentry"],"yoast_head":"<!-- This site is optimized with the Yoast SEO plugin v27.3 - https:\/\/yoast.com\/product\/yoast-seo-wordpress\/ -->\n<title>Rize Technologies Blog of IT Support Updates (en anglais)<\/title>\n<meta name=\"description\" content=\"Obtenez les derni\u00e8res mises \u00e0 jour et informations sur le support informatique et les titres cyver de Rize Technologies.\" \/>\n<meta name=\"robots\" content=\"index, follow, max-snippet:-1, max-image-preview:large, max-video-preview:-1\" \/>\n<link rel=\"canonical\" href=\"https:\/\/rizetechnologies.com\/fr\/blog\/\" \/>\n<meta property=\"og:locale\" content=\"fr_FR\" \/>\n<meta property=\"og:type\" content=\"article\" \/>\n<meta property=\"og:title\" content=\"Rize Technologies Blog of IT Support Updates (en anglais)\" \/>\n<meta property=\"og:description\" content=\"Obtenez les derni\u00e8res mises \u00e0 jour et informations sur le support informatique et les titres cyver de Rize Technologies.\" \/>\n<meta property=\"og:url\" content=\"https:\/\/rizetechnologies.com\/fr\/blog\/\" \/>\n<meta property=\"og:site_name\" content=\"Rize Technologies\" \/>\n<meta property=\"article:modified_time\" content=\"2023-10-19T14:26:36+00:00\" \/>\n<meta name=\"twitter:card\" content=\"summary_large_image\" \/>\n<script type=\"application\/ld+json\" class=\"yoast-schema-graph\">{\"@context\":\"https:\\\/\\\/schema.org\",\"@graph\":[{\"@type\":\"WebPage\",\"@id\":\"https:\\\/\\\/rizetechnologies.com\\\/fr\\\/blog\\\/\",\"url\":\"https:\\\/\\\/rizetechnologies.com\\\/fr\\\/blog\\\/\",\"name\":\"Rize Technologies Blog of IT Support Updates (en anglais)\",\"isPartOf\":{\"@id\":\"https:\\\/\\\/rizetechnologies.com\\\/#website\"},\"datePublished\":\"2022-02-01T09:41:58+00:00\",\"dateModified\":\"2023-10-19T14:26:36+00:00\",\"description\":\"Obtenez les derni\u00e8res mises \u00e0 jour et informations sur le support informatique et les titres cyver de Rize Technologies.\",\"breadcrumb\":{\"@id\":\"https:\\\/\\\/rizetechnologies.com\\\/fr\\\/blog\\\/#breadcrumb\"},\"inLanguage\":\"fr-FR\",\"potentialAction\":[{\"@type\":\"ReadAction\",\"target\":[\"https:\\\/\\\/rizetechnologies.com\\\/fr\\\/blog\\\/\"]}]},{\"@type\":\"BreadcrumbList\",\"@id\":\"https:\\\/\\\/rizetechnologies.com\\\/fr\\\/blog\\\/#breadcrumb\",\"itemListElement\":[{\"@type\":\"ListItem\",\"position\":1,\"name\":\"Home\",\"item\":\"https:\\\/\\\/rizetechnologies.com\\\/\"},{\"@type\":\"ListItem\",\"position\":2,\"name\":\"Blog\"}]},{\"@type\":\"WebSite\",\"@id\":\"https:\\\/\\\/rizetechnologies.com\\\/#website\",\"url\":\"https:\\\/\\\/rizetechnologies.com\\\/\",\"name\":\"Rize Technologies\",\"description\":\"IT Services for Law Firms\",\"potentialAction\":[{\"@type\":\"SearchAction\",\"target\":{\"@type\":\"EntryPoint\",\"urlTemplate\":\"https:\\\/\\\/rizetechnologies.com\\\/?s={search_term_string}\"},\"query-input\":{\"@type\":\"PropertyValueSpecification\",\"valueRequired\":true,\"valueName\":\"search_term_string\"}}],\"inLanguage\":\"fr-FR\"}]}<\/script>\n<!-- \/ Yoast SEO plugin. -->","yoast_head_json":{"title":"Rize Technologies Blog of IT Support Updates (en anglais)","description":"Obtenez les derni\u00e8res mises \u00e0 jour et informations sur le support informatique et les titres cyver de Rize Technologies.","robots":{"index":"index","follow":"follow","max-snippet":"max-snippet:-1","max-image-preview":"max-image-preview:large","max-video-preview":"max-video-preview:-1"},"canonical":"https:\/\/rizetechnologies.com\/fr\/blog\/","og_locale":"fr_FR","og_type":"article","og_title":"Rize Technologies Blog of IT Support Updates (en anglais)","og_description":"Obtenez les derni\u00e8res mises \u00e0 jour et informations sur le support informatique et les titres cyver de Rize Technologies.","og_url":"https:\/\/rizetechnologies.com\/fr\/blog\/","og_site_name":"Rize Technologies","article_modified_time":"2023-10-19T14:26:36+00:00","twitter_card":"summary_large_image","schema":{"@context":"https:\/\/schema.org","@graph":[{"@type":"WebPage","@id":"https:\/\/rizetechnologies.com\/fr\/blog\/","url":"https:\/\/rizetechnologies.com\/fr\/blog\/","name":"Rize Technologies Blog of IT Support Updates (en anglais)","isPartOf":{"@id":"https:\/\/rizetechnologies.com\/#website"},"datePublished":"2022-02-01T09:41:58+00:00","dateModified":"2023-10-19T14:26:36+00:00","description":"Obtenez les derni\u00e8res mises \u00e0 jour et informations sur le support informatique et les titres cyver de Rize Technologies.","breadcrumb":{"@id":"https:\/\/rizetechnologies.com\/fr\/blog\/#breadcrumb"},"inLanguage":"fr-FR","potentialAction":[{"@type":"ReadAction","target":["https:\/\/rizetechnologies.com\/fr\/blog\/"]}]},{"@type":"BreadcrumbList","@id":"https:\/\/rizetechnologies.com\/fr\/blog\/#breadcrumb","itemListElement":[{"@type":"ListItem","position":1,"name":"Home","item":"https:\/\/rizetechnologies.com\/"},{"@type":"ListItem","position":2,"name":"Blog"}]},{"@type":"WebSite","@id":"https:\/\/rizetechnologies.com\/#website","url":"https:\/\/rizetechnologies.com\/","name":"Rize Technologies","description":"IT Services for Law Firms","potentialAction":[{"@type":"SearchAction","target":{"@type":"EntryPoint","urlTemplate":"https:\/\/rizetechnologies.com\/?s={search_term_string}"},"query-input":{"@type":"PropertyValueSpecification","valueRequired":true,"valueName":"search_term_string"}}],"inLanguage":"fr-FR"}]}},"_links":{"self":[{"href":"https:\/\/rizetechnologies.com\/fr\/wp-json\/wp\/v2\/pages\/4586","targetHints":{"allow":["GET"]}}],"collection":[{"href":"https:\/\/rizetechnologies.com\/fr\/wp-json\/wp\/v2\/pages"}],"about":[{"href":"https:\/\/rizetechnologies.com\/fr\/wp-json\/wp\/v2\/types\/page"}],"author":[{"embeddable":true,"href":"https:\/\/rizetechnologies.com\/fr\/wp-json\/wp\/v2\/users\/7"}],"replies":[{"embeddable":true,"href":"https:\/\/rizetechnologies.com\/fr\/wp-json\/wp\/v2\/comments?post=4586"}],"version-history":[{"count":0,"href":"https:\/\/rizetechnologies.com\/fr\/wp-json\/wp\/v2\/pages\/4586\/revisions"}],"wp:attachment":[{"href":"https:\/\/rizetechnologies.com\/fr\/wp-json\/wp\/v2\/media?parent=4586"}],"curies":[{"name":"wp","href":"https:\/\/api.w.org\/{rel}","templated":true}]}}